
{"id":3,"date":"2025-11-03T22:08:50","date_gmt":"2025-11-03T21:08:50","guid":{"rendered":"https:\/\/stmartinvillasrentals.com\/?page_id=3"},"modified":"2025-12-17T21:29:45","modified_gmt":"2025-12-17T20:29:45","slug":"politique-de-confidentialite","status":"publish","type":"page","link":"https:\/\/stmartinvillasrentals.com\/fr\/privacy-policy\/","title":{"rendered":"Privacy policy"},"content":{"rendered":"\t\t<div data-elementor-type=\"wp-page\" data-elementor-id=\"3\" class=\"elementor elementor-3\">\n\t\t\t\t<div class=\"elementor-element elementor-element-9c1e57d e-flex e-con-boxed wpr-particle-no wpr-jarallax-no wpr-parallax-no wpr-sticky-section-no e-con e-parent\" data-id=\"9c1e57d\" data-element_type=\"container\" data-e-type=\"container\">\n\t\t\t\t\t<div class=\"e-con-inner\">\n\t\t\t\t\t<\/div>\n\t\t\t\t<\/div>\n\t\t<div class=\"elementor-element elementor-element-fd1e7a8 e-flex e-con-boxed wpr-particle-no wpr-jarallax-no wpr-parallax-no wpr-sticky-section-no e-con e-parent\" data-id=\"fd1e7a8\" data-element_type=\"container\" data-e-type=\"container\">\n\t\t\t\t\t<div class=\"e-con-inner\">\n\t\t\t\t<div class=\"elementor-element elementor-element-1d34bd9 elementor-widget elementor-widget-text-editor\" data-id=\"1d34bd9\" data-element_type=\"widget\" data-e-type=\"widget\" data-widget_type=\"text-editor.default\">\n\t\t\t\t\t\t\t\t\t<p><\/p><h1 class=\"wp-block-heading\" data-start=\"429\" data-end=\"447\">Mentions l\u00e9gales<\/h1><p data-start=\"449\" data-end=\"738\">Conform\u00e9ment aux dispositions des articles 6-III et 19 de la Loi n\u00b02004-575 du 21 juin 2004 pour la Confiance dans l\u2019\u00c9conomie Num\u00e9rique (LCEN), il est pr\u00e9cis\u00e9 aux utilisateurs du site https:\/\/stmartinvillasrentals.com\/ \u00a0l\u2019identit\u00e9 des diff\u00e9rents intervenants dans le cadre de sa r\u00e9alisation et de son suivi.<\/p><h2 data-start=\"740\" data-end=\"758\">\u00c9diteur du site<\/h2><p data-start=\"760\" data-end=\"819\"><strong data-start=\"760\" data-end=\"777\">Nom du site :<\/strong> ST MARTIN VILLAS RENTALS<br data-start=\"791\" data-end=\"794\" \/><strong data-start=\"794\" data-end=\"803\">URL :<\/strong> https:\/\/stmartinvillasrentals.com\/<\/p><p data-start=\"821\" data-end=\"990\"><strong data-start=\"821\" data-end=\"834\">\u00c9diteur :<\/strong><br data-start=\"834\" data-end=\"837\" \/>[Nom de l\u2019entreprise ou Nom \/ Pr\u00e9nom]<br data-start=\"874\" data-end=\"877\" \/>[Forme juridique si soci\u00e9t\u00e9 \u2013 ex : SARL, EI, etc.]<br data-start=\"927\" data-end=\"930\" \/>[Adresse postale compl\u00e8te]<br data-start=\"956\" data-end=\"959\" \/>[SIRET \/ RCS \u2013 si applicable]<\/p><p data-start=\"992\" data-end=\"1081\"><strong data-start=\"992\" data-end=\"1003\">Email :<\/strong> <a href=\"mailto:villas.stmartin@gmail.com\">villas.stmartin@gmail.com<\/a><br data-start=\"1022\" data-end=\"1025\" \/><br \/><\/p><h2 data-start=\"1083\" data-end=\"1113\">Directeur de la publication<\/h2><p data-start=\"1115\" data-end=\"1178\">Le Directeur de la publication est : Philippe LAURENT<br data-start=\"1151\" data-end=\"1154\" \/><br \/><\/p><h2 data-start=\"1180\" data-end=\"1194\">H\u00e9bergement<\/h2><p data-start=\"1196\" data-end=\"1333\">Le site est h\u00e9berg\u00e9 par\u00a0<strong data-start=\"1049\" data-end=\"1060\">OVH SAS<\/strong>,<br data-start=\"1061\" data-end=\"1064\" \/>2 rue Kellermann \u2013 BP 80157 \u2013 59053 Roubaix Cedex 1, France<br data-start=\"1123\" data-end=\"1126\" \/>Contact : 1007<\/p><h2 data-start=\"1335\" data-end=\"1362\">Propri\u00e9t\u00e9 intellectuelle<\/h2><p data-start=\"1364\" data-end=\"1627\">L\u2019ensemble du contenu pr\u00e9sent sur le site ST MARTIN VILLAS RENTALS \u00a0(textes, images, photographies, vid\u00e9os, graphismes, logo, ic\u00f4nes, sons, logiciels, structure du site, etc.) est prot\u00e9g\u00e9 par les lois fran\u00e7aises et internationales relatives \u00e0 la propri\u00e9t\u00e9 intellectuelle.<\/p><p data-start=\"1629\" data-end=\"1860\">Toute reproduction, repr\u00e9sentation, modification, publication, adaptation, totale ou partielle, de tout ou partie du site, quel que soit le moyen ou le proc\u00e9d\u00e9 utilis\u00e9, est interdite sauf autorisation \u00e9crite pr\u00e9alable de l\u2019\u00e9diteur.<\/p><p data-start=\"1862\" data-end=\"2013\">Toute exploitation non autoris\u00e9e du site ou de l\u2019un quelconque des \u00e9l\u00e9ments qu\u2019il contient pourra \u00eatre consid\u00e9r\u00e9e comme constitutive d\u2019une contrefa\u00e7on.<\/p><h2 data-start=\"2015\" data-end=\"2032\">Responsabilit\u00e9<\/h2><p data-start=\"2034\" data-end=\"2257\">L\u2019\u00e9diteur s\u2019efforce de fournir sur le site ST MARTIN VILLAS RENTALS \u00a0des informations aussi pr\u00e9cises que possible. Toutefois, il ne saurait \u00eatre tenu responsable des omissions, des inexactitudes ou des carences dans la mise \u00e0 jour.<\/p><p data-start=\"2259\" data-end=\"2376\">L\u2019utilisateur reconna\u00eet utiliser les informations et outils disponibles sur le site sous sa responsabilit\u00e9 exclusive.<\/p><hr data-start=\"2378\" data-end=\"2381\" \/><h1 data-start=\"2383\" data-end=\"2445\">Politique de confidentialit\u00e9 &amp; protection des donn\u00e9es (RGPD)<\/h1><h2 data-start=\"2447\" data-end=\"2483\">Collecte des donn\u00e9es personnelles<\/h2><p data-start=\"2485\" data-end=\"2587\">Les donn\u00e9es personnelles susceptibles d\u2019\u00eatre collect\u00e9es sur le site ST MARTIN VILLAS RENTALS \u00a0sont notamment :<\/p><ul data-start=\"2589\" data-end=\"2784\"><li data-start=\"2589\" data-end=\"2606\"><p data-start=\"2591\" data-end=\"2606\">Nom et pr\u00e9nom<\/p><\/li><li data-start=\"2607\" data-end=\"2624\"><p data-start=\"2609\" data-end=\"2624\">Adresse email<\/p><\/li><li data-start=\"2625\" data-end=\"2648\"><p data-start=\"2627\" data-end=\"2648\">Num\u00e9ro de t\u00e9l\u00e9phone<\/p><\/li><li data-start=\"2649\" data-end=\"2714\"><p data-start=\"2651\" data-end=\"2714\">Informations li\u00e9es \u00e0 une demande de contact ou de r\u00e9servation<\/p><\/li><li data-start=\"2715\" data-end=\"2784\"><p data-start=\"2717\" data-end=\"2784\">Donn\u00e9es techniques (adresse IP, navigateur, syst\u00e8me d\u2019exploitation)<\/p><\/li><\/ul><p data-start=\"2786\" data-end=\"2918\">Ces donn\u00e9es sont collect\u00e9es uniquement lorsque l\u2019utilisateur les communique volontairement via les formulaires pr\u00e9sents sur le site.<\/p><h2 data-start=\"2920\" data-end=\"2945\">Finalit\u00e9 du traitement<\/h2><p data-start=\"2947\" data-end=\"3004\">Les donn\u00e9es personnelles collect\u00e9es sont utilis\u00e9es pour :<\/p><ul data-start=\"3006\" data-end=\"3241\"><li data-start=\"3006\" data-end=\"3059\"><p data-start=\"3008\" data-end=\"3059\">R\u00e9pondre aux demandes de contact ou d\u2019information<\/p><\/li><li data-start=\"3060\" data-end=\"3120\"><p data-start=\"3062\" data-end=\"3120\">G\u00e9rer les demandes de r\u00e9servation ou de mise en relation<\/p><\/li><li data-start=\"3121\" data-end=\"3148\"><p data-start=\"3123\" data-end=\"3148\">Assurer le suivi client<\/p><\/li><li data-start=\"3149\" data-end=\"3187\"><p data-start=\"3151\" data-end=\"3187\">Am\u00e9liorer l\u2019exp\u00e9rience utilisateur<\/p><\/li><li data-start=\"3188\" data-end=\"3241\"><p data-start=\"3190\" data-end=\"3241\">Respecter les obligations l\u00e9gales et r\u00e9glementaires<\/p><\/li><\/ul><h2 data-start=\"3243\" data-end=\"3271\">Base l\u00e9gale du traitement<\/h2><p data-start=\"3273\" data-end=\"3330\">Les traitements de donn\u00e9es personnelles sont fond\u00e9s sur :<\/p><ul data-start=\"3332\" data-end=\"3474\"><li data-start=\"3332\" data-end=\"3378\"><p data-start=\"3334\" data-end=\"3378\">Le consentement explicite de l\u2019utilisateur<\/p><\/li><li data-start=\"3379\" data-end=\"3439\"><p data-start=\"3381\" data-end=\"3439\">L\u2019ex\u00e9cution d\u2019un contrat ou de mesures pr\u00e9contractuelles<\/p><\/li><li data-start=\"3440\" data-end=\"3474\"><p data-start=\"3442\" data-end=\"3474\">Le respect d\u2019obligations l\u00e9gales<\/p><\/li><\/ul><h2 data-start=\"3476\" data-end=\"3512\">Dur\u00e9e de conservation des donn\u00e9es<\/h2><p data-start=\"3514\" data-end=\"3662\">Les donn\u00e9es personnelles sont conserv\u00e9es uniquement pour la dur\u00e9e n\u00e9cessaire aux finalit\u00e9s pour lesquelles elles ont \u00e9t\u00e9 collect\u00e9es, et au maximum :<\/p><ul data-start=\"3664\" data-end=\"3850\"><li data-start=\"3664\" data-end=\"3726\"><p data-start=\"3666\" data-end=\"3726\"><strong data-start=\"3666\" data-end=\"3675\">3 ans<\/strong> pour les donn\u00e9es li\u00e9es aux contacts et prospects<\/p><\/li><li data-start=\"3727\" data-end=\"3794\"><p data-start=\"3729\" data-end=\"3794\"><strong data-start=\"3729\" data-end=\"3738\">5 ans<\/strong> pour les donn\u00e9es \u00e0 caract\u00e8re contractuel ou comptable<\/p><\/li><li data-start=\"3795\" data-end=\"3850\"><p data-start=\"3797\" data-end=\"3850\"><strong data-start=\"3797\" data-end=\"3808\">13 mois<\/strong> pour les cookies et donn\u00e9es de navigation<\/p><\/li><\/ul><h2 data-start=\"3852\" data-end=\"3874\">Partage des donn\u00e9es<\/h2><p data-start=\"3876\" data-end=\"3999\">Les donn\u00e9es personnelles collect\u00e9es sur le site ST MARTIN VILLAS RENTALS \u00a0ne sont <strong data-start=\"3950\" data-end=\"3986\">ni vendues, ni lou\u00e9es, ni c\u00e9d\u00e9es<\/strong> \u00e0 des tiers.<\/p><p data-start=\"4001\" data-end=\"4187\">Elles peuvent toutefois \u00eatre transmises \u00e0 des prestataires techniques strictement n\u00e9cessaires au fonctionnement du site (h\u00e9bergement, maintenance, outils email), dans le respect du RGPD.<\/p><h2 data-start=\"4189\" data-end=\"4212\">S\u00e9curit\u00e9 des donn\u00e9es<\/h2><p data-start=\"4214\" data-end=\"4468\">L\u2019\u00e9diteur met en \u0153uvre toutes les mesures techniques et organisationnelles appropri\u00e9es afin d\u2019assurer la s\u00e9curit\u00e9 et la confidentialit\u00e9 des donn\u00e9es personnelles et d\u2019emp\u00eacher leur acc\u00e8s non autoris\u00e9, leur divulgation, leur alt\u00e9ration ou leur destruction.<\/p><hr data-start=\"4470\" data-end=\"4473\" \/><h2 data-start=\"4475\" data-end=\"4501\">Droits des utilisateurs<\/h2><p data-start=\"4503\" data-end=\"4596\">Conform\u00e9ment \u00e0 la r\u00e9glementation en vigueur, chaque utilisateur dispose des droits suivants :<\/p><ul data-start=\"4598\" data-end=\"4769\"><li data-start=\"4598\" data-end=\"4615\"><p data-start=\"4600\" data-end=\"4615\">Droit d\u2019acc\u00e8s<\/p><\/li><li data-start=\"4616\" data-end=\"4642\"><p data-start=\"4618\" data-end=\"4642\">Droit de rectification<\/p><\/li><li data-start=\"4643\" data-end=\"4667\"><p data-start=\"4645\" data-end=\"4667\">Droit \u00e0 l\u2019effacement<\/p><\/li><li data-start=\"4668\" data-end=\"4707\"><p data-start=\"4670\" data-end=\"4707\">Droit \u00e0 la limitation du traitement<\/p><\/li><li data-start=\"4708\" data-end=\"4730\"><p data-start=\"4710\" data-end=\"4730\">Droit d\u2019opposition<\/p><\/li><li data-start=\"4731\" data-end=\"4769\"><p data-start=\"4733\" data-end=\"4769\">Droit \u00e0 la portabilit\u00e9 des donn\u00e9es<\/p><\/li><\/ul><p data-start=\"4771\" data-end=\"4878\">Ces droits peuvent \u00eatre exerc\u00e9s \u00e0 tout moment en adressant une demande \u00e0 :<br data-start=\"4845\" data-end=\"4848\" \/>\ud83d\udce7 <a href=\"mailto:villas.stmartin@gmail.com\">villas.stmartin@gmail.com<\/a><\/p><p data-start=\"4880\" data-end=\"4944\">Une r\u00e9ponse sera apport\u00e9e dans un d\u00e9lai maximum de <strong data-start=\"4931\" data-end=\"4943\">30 jours<\/strong>.<\/p><h2 data-start=\"4946\" data-end=\"4956\">Cookies<\/h2><p data-start=\"4958\" data-end=\"5010\">Le site ST MARTIN VILLAS RENTALS\u00a0 \u00a0utilise des cookies afin :<\/p><ul data-start=\"5012\" data-end=\"5136\"><li data-start=\"5012\" data-end=\"5055\"><p data-start=\"5014\" data-end=\"5055\">D\u2019assurer le bon fonctionnement du site<\/p><\/li><li data-start=\"5056\" data-end=\"5085\"><p data-start=\"5058\" data-end=\"5085\">D\u2019am\u00e9liorer la navigation<\/p><\/li><li data-start=\"5086\" data-end=\"5136\"><p data-start=\"5088\" data-end=\"5136\">De mesurer l\u2019audience (statistiques anonymis\u00e9es)<\/p><\/li><\/ul><p data-start=\"5138\" data-end=\"5301\">L\u2019utilisateur peut configurer son navigateur pour refuser tout ou partie des cookies. Le refus de certains cookies peut toutefois alt\u00e9rer l\u2019exp\u00e9rience utilisateur.<\/p><h2 data-start=\"5303\" data-end=\"5317\">R\u00e9clamation<\/h2><p data-start=\"5319\" data-end=\"5492\">Si l\u2019utilisateur estime, apr\u00e8s avoir contact\u00e9 l\u2019\u00e9diteur, que ses droits ne sont pas respect\u00e9s, il peut adresser une r\u00e9clamation aupr\u00e8s de l\u2019autorit\u00e9 de contr\u00f4le comp\u00e9tente :<\/p><p data-start=\"5494\" data-end=\"5573\"><strong data-start=\"5494\" data-end=\"5559\">CNIL \u2013 Commission Nationale de l\u2019Informatique et des Libert\u00e9s<\/strong><br data-start=\"5559\" data-end=\"5562\" \/><a class=\"decorated-link cursor-pointer\" target=\"_new\" rel=\"noopener\" data-start=\"5562\" data-end=\"5573\">www.cnil.fr<\/a><\/p><hr data-start=\"5575\" data-end=\"5578\" \/><h2 data-start=\"5580\" data-end=\"5594\">Mise \u00e0 jour<\/h2><p data-start=\"5596\" data-end=\"5775\">La pr\u00e9sente politique de confidentialit\u00e9 peut \u00eatre modifi\u00e9e \u00e0 tout moment afin de rester conforme aux \u00e9volutions l\u00e9gales ou techniques.<br data-start=\"5731\" data-end=\"5734\" \/>La date de derni\u00e8re mise \u00e0 jour fait foi.<\/p><p data-start=\"5777\" data-end=\"5810\"><strong data-start=\"5777\" data-end=\"5810\">Derni\u00e8re mise \u00e0 jour : 17\/12\/25<\/strong><\/p>\t\t\t\t\t\t\t\t<\/div>\n\t\t\t\t\t<\/div>\n\t\t\t\t<\/div>\n\t\t\t\t<\/div>\n\t\t","protected":false},"excerpt":{"rendered":"<p>Mentions l\u00e9gales Conform\u00e9ment aux dispositions des articles 6-III et 19 de la Loi n\u00b02004-575 du 21 juin 2004 pour la Confiance dans l\u2019\u00c9conomie Num\u00e9rique (LCEN), il est pr\u00e9cis\u00e9 aux utilisateurs du site https:\/\/stmartinvillasrentals.com\/ \u00a0l\u2019identit\u00e9 des diff\u00e9rents intervenants dans le cadre de sa r\u00e9alisation et de son suivi. \u00c9diteur du site Nom du site : ST MARTIN VILLAS RENTALSURL : https:\/\/stmartinvillasrentals.com\/ \u00c9diteur :[Nom de l\u2019entreprise ou Nom \/ Pr\u00e9nom][Forme juridique si soci\u00e9t\u00e9 \u2013 ex : SARL, EI, etc.][Adresse postale compl\u00e8te][SIRET \/ RCS \u2013 si applicable] Email : villas.stmartin@gmail.com Directeur de la publication Le Directeur de la publication est : Philippe LAURENT H\u00e9bergement Le site est h\u00e9berg\u00e9 par\u00a0OVH SAS,2 rue Kellermann \u2013 BP 80157 \u2013 59053 Roubaix Cedex 1, FranceContact : 1007 Propri\u00e9t\u00e9 intellectuelle L\u2019ensemble du contenu pr\u00e9sent sur le site ST MARTIN VILLAS RENTALS \u00a0(textes, images, photographies, vid\u00e9os, graphismes, logo, ic\u00f4nes, sons, logiciels, structure du site, etc.) est prot\u00e9g\u00e9 par les lois fran\u00e7aises et internationales relatives \u00e0 la propri\u00e9t\u00e9 intellectuelle. Toute reproduction, repr\u00e9sentation, modification, publication, adaptation, totale ou partielle, de tout ou partie du site, quel que soit le moyen ou le proc\u00e9d\u00e9 utilis\u00e9, est interdite sauf autorisation \u00e9crite pr\u00e9alable de l\u2019\u00e9diteur. Toute exploitation non autoris\u00e9e du site ou de l\u2019un quelconque des \u00e9l\u00e9ments qu\u2019il contient pourra \u00eatre consid\u00e9r\u00e9e comme constitutive d\u2019une contrefa\u00e7on. Responsabilit\u00e9 L\u2019\u00e9diteur s\u2019efforce de fournir sur le site ST MARTIN VILLAS RENTALS \u00a0des informations aussi pr\u00e9cises que possible. Toutefois, il ne saurait \u00eatre tenu responsable des omissions, des inexactitudes ou des carences dans la mise \u00e0 jour. L\u2019utilisateur reconna\u00eet utiliser les informations et outils disponibles sur le site sous sa responsabilit\u00e9 exclusive. Politique de confidentialit\u00e9 &amp; protection des donn\u00e9es (RGPD) Collecte des donn\u00e9es personnelles Les donn\u00e9es personnelles susceptibles d\u2019\u00eatre collect\u00e9es sur le site ST MARTIN VILLAS RENTALS \u00a0sont notamment : Nom et pr\u00e9nom Adresse email Num\u00e9ro de t\u00e9l\u00e9phone Informations li\u00e9es \u00e0 une demande de contact ou de r\u00e9servation Donn\u00e9es techniques (adresse IP, navigateur, syst\u00e8me d\u2019exploitation) Ces donn\u00e9es sont collect\u00e9es uniquement lorsque l\u2019utilisateur les communique volontairement via les formulaires pr\u00e9sents sur le site. Finalit\u00e9 du traitement Les donn\u00e9es personnelles collect\u00e9es sont utilis\u00e9es pour : R\u00e9pondre aux demandes de contact ou d\u2019information G\u00e9rer les demandes de r\u00e9servation ou de mise en relation Assurer le suivi client Am\u00e9liorer l\u2019exp\u00e9rience utilisateur Respecter les obligations l\u00e9gales et r\u00e9glementaires Base l\u00e9gale du traitement Les traitements de donn\u00e9es personnelles sont fond\u00e9s sur : Le consentement explicite de l\u2019utilisateur L\u2019ex\u00e9cution d\u2019un contrat ou de mesures pr\u00e9contractuelles Le respect d\u2019obligations l\u00e9gales Dur\u00e9e de conservation des donn\u00e9es Les donn\u00e9es personnelles sont conserv\u00e9es uniquement pour la dur\u00e9e n\u00e9cessaire aux finalit\u00e9s pour lesquelles elles ont \u00e9t\u00e9 collect\u00e9es, et au maximum : 3 ans pour les donn\u00e9es li\u00e9es aux contacts et prospects 5 ans pour les donn\u00e9es \u00e0 caract\u00e8re contractuel ou comptable 13 mois pour les cookies et donn\u00e9es de navigation Partage des donn\u00e9es Les donn\u00e9es personnelles collect\u00e9es sur le site ST MARTIN VILLAS RENTALS \u00a0ne sont ni vendues, ni lou\u00e9es, ni c\u00e9d\u00e9es \u00e0 des tiers. Elles peuvent toutefois \u00eatre transmises \u00e0 des prestataires techniques strictement n\u00e9cessaires au fonctionnement du site (h\u00e9bergement, maintenance, outils email), dans le respect du RGPD. S\u00e9curit\u00e9 des donn\u00e9es L\u2019\u00e9diteur met en \u0153uvre toutes les mesures techniques et organisationnelles appropri\u00e9es afin d\u2019assurer la s\u00e9curit\u00e9 et la confidentialit\u00e9 des donn\u00e9es personnelles et d\u2019emp\u00eacher leur acc\u00e8s non autoris\u00e9, leur divulgation, leur alt\u00e9ration ou leur destruction. Droits des utilisateurs Conform\u00e9ment \u00e0 la r\u00e9glementation en vigueur, chaque utilisateur dispose des droits suivants : Droit d\u2019acc\u00e8s Droit de rectification Droit \u00e0 l\u2019effacement Droit \u00e0 la limitation du traitement Droit d\u2019opposition Droit \u00e0 la portabilit\u00e9 des donn\u00e9es Ces droits peuvent \u00eatre exerc\u00e9s \u00e0 tout moment en adressant une demande \u00e0 :\ud83d\udce7 villas.stmartin@gmail.com Une r\u00e9ponse sera apport\u00e9e dans un d\u00e9lai maximum de 30 jours. Cookies Le site ST MARTIN VILLAS RENTALS\u00a0 \u00a0utilise des cookies afin : D\u2019assurer le bon fonctionnement du site D\u2019am\u00e9liorer la navigation De mesurer l\u2019audience (statistiques anonymis\u00e9es) L\u2019utilisateur peut configurer son navigateur pour refuser tout ou partie des cookies. Le refus de certains cookies peut toutefois alt\u00e9rer l\u2019exp\u00e9rience utilisateur. R\u00e9clamation Si l\u2019utilisateur estime, apr\u00e8s avoir contact\u00e9 l\u2019\u00e9diteur, que ses droits ne sont pas respect\u00e9s, il peut adresser une r\u00e9clamation aupr\u00e8s de l\u2019autorit\u00e9 de contr\u00f4le comp\u00e9tente : CNIL \u2013 Commission Nationale de l\u2019Informatique et des Libert\u00e9swww.cnil.fr Mise \u00e0 jour La pr\u00e9sente politique de confidentialit\u00e9 peut \u00eatre modifi\u00e9e \u00e0 tout moment afin de rester conforme aux \u00e9volutions l\u00e9gales ou techniques.La date de derni\u00e8re mise \u00e0 jour fait foi. Derni\u00e8re mise \u00e0 jour : 17\/12\/25<\/p>\n","protected":false},"author":1,"featured_media":0,"parent":0,"menu_order":0,"comment_status":"closed","ping_status":"closed","template":"elementor_header_footer","meta":{"_acf_changed":false,"footnotes":""},"class_list":["post-3","page","type-page","status-publish","hentry"],"acf":[],"_links":{"self":[{"href":"https:\/\/stmartinvillasrentals.com\/fr\/wp-json\/wp\/v2\/pages\/3","targetHints":{"allow":["GET"]}}],"collection":[{"href":"https:\/\/stmartinvillasrentals.com\/fr\/wp-json\/wp\/v2\/pages"}],"about":[{"href":"https:\/\/stmartinvillasrentals.com\/fr\/wp-json\/wp\/v2\/types\/page"}],"author":[{"embeddable":true,"href":"https:\/\/stmartinvillasrentals.com\/fr\/wp-json\/wp\/v2\/users\/1"}],"replies":[{"embeddable":true,"href":"https:\/\/stmartinvillasrentals.com\/fr\/wp-json\/wp\/v2\/comments?post=3"}],"version-history":[{"count":5,"href":"https:\/\/stmartinvillasrentals.com\/fr\/wp-json\/wp\/v2\/pages\/3\/revisions"}],"predecessor-version":[{"id":893,"href":"https:\/\/stmartinvillasrentals.com\/fr\/wp-json\/wp\/v2\/pages\/3\/revisions\/893"}],"wp:attachment":[{"href":"https:\/\/stmartinvillasrentals.com\/fr\/wp-json\/wp\/v2\/media?parent=3"}],"curies":[{"name":"wp","href":"https:\/\/api.w.org\/{rel}","templated":true}]}}